{"id":330,"date":"2020-07-15T10:30:48","date_gmt":"2020-07-15T08:30:48","guid":{"rendered":"https:\/\/tadick.de\/?page_id=303"},"modified":"2020-08-01T15:29:46","modified_gmt":"2020-08-01T13:29:46","slug":"unternehmen","status":"publish","type":"page","link":"https:\/\/tadick.de\/urban-mining\/unternehmen\/","title":{"rendered":"Unternehmen"},"content":{"rendered":"<section class=\"py-5\" style=\"background:url(https:\/\/tadick.de\/urban-mining\/wp-content\/uploads\/sites\/2\/2020\/08\/Urban_Mining_007.jpg)  center \/ cover no-repeat\">\n<div class=\"py-5\">\n<div class=\"lc-block text-center col-md-12 py-lg-4\">\n<div>\n<h1 class=\"text-white text-uppercase ff-work-sans mb-0\">Das Unternehmen<\/h1>\n<\/p><\/div>\n<\/p><\/div>\n<\/p><\/div>\n<\/section>\n<section class=\"py-5 no-bg-xs\" style=\"background:url(https:\/\/tadick.de\/wp-content\/uploads\/2020\/07\/bg-yellow.svg) -10% 100% \/ contain no-repeat\" id=\"\">\n<div class=\"container py-lg-5\">\n<div class=\"row\">\n<div class=\"col-lg-6\">\n<div class=\"lc-block pr-lg-5\">\n<div>\n<p class=\"subline\">Tradition mit Zukunft<\/p>\n<h2 class=\"pr-lg-5\">Die Tadick Urban Mining GmbH ist ein modernes und hochspezialisiertes Recyclingunternehmen mit Erfahrung.<\/h2>\n<\/p><\/div>\n<\/p><\/div>\n<p><!-- \/lc-block -->\n\t\t\t<\/div>\n<p><!-- \/col --><\/p>\n<div class=\"col-lg-6\">\n<div class=\"lc-block\">\n<div>\n<p>Die Firma Tadick Urban Mining GmbH wurde von dem Recyclingunternehmen Tadick Rohstoffhandels GmbH gegr\u00fcndet. Auf dem Grundst\u00fcck in Ennigerloh betreibt die Urban Mining ein Recyclingunternehmen, welches sich auf das Recycling von mineralischen Abf\u00e4llen spezialisiert hat. <\/p>\n<p><b>Branche:<\/b> Entsorgung, Recycling, stoffliche Verwertung<br \/>\n\t\t\t\t\t\t\t<b>Inhaber:<\/b> Familiengef\u00fchrt<\/p>\n<p><b>Gesch\u00e4ftsf\u00fchrung:<\/b> Jens G\u00fcnter Tadick<\/p>\n<p><b>Standort Ennigerloh<\/b><br \/> Die BImSchG genehmigte Anlage produziert Recyclingrohstoffe f\u00fcr die Zement- und Betonindustrie. <\/p>\n<\/p><\/div>\n<\/p><\/div>\n<p><!-- \/lc-block -->\n\t\t\t<\/div>\n<p><!-- \/col -->\n\t\t<\/div>\n<\/p><\/div>\n<\/section>\n<section class=\"py-5\" style=\"background-color: #1D1D1B\" id=\"\">\n<div class=\"container py-lg-5\">\n<div class=\"row\">\n<div class=\"col-lg-8 offset-lg-2\">\n<div class=\"lc-block text-white text-center\">\n<div>\n<p class=\"subline text-secondary\">Geschichte<\/p>\n<h2 class=\"text-white mb-5\">Gr\u00fcndergeneration<\/h2>\n<p>Flexibilit\u00e4t und Kundenorientierung, diese Unternehmensphilosophie reicht von der ersten bis zur jetzigen dritten Generation. Mit der Erfahrung aus \u00fcber 60 Jahren, k\u00f6nnen wir Ihnen jede Art von Abbr\u00fcchen und Entsorgungen anbieten.<\/p>\n<\/p><\/div>\n<\/p><\/div>\n<p><!-- \/lc-block --><br \/>\n\t\t\t\t<!-- \/lc-block -->\n\t\t\t<\/div>\n<p><!-- \/col -->\n\t\t<\/div>\n<div class=\"row pt-5\">\n<div class=\"col-12 col-lg-9 mx-auto text-white\">\n<div class=\"row d-flex align-items-center\">\n<div class=\"col-6 col-md-4 text-center mb-4 mb-md-0 d-none d-md-block\"><img decoding=\"async\" src=\"https:\/\/tadick.de\/wp-content\/uploads\/2020\/07\/geschichte-01.jpg\"><\/div>\n<div class=\"col-12 col-md-4 text-center py-5\"><span class=\"history-year white-linie\">1948<\/span><\/div>\n<div class=\"col-md-4 text-center text-md-left mb-4 mb-md-0\">Gr\u00fcndung des Abbruch- und Abwrackunternehmens Tadick 1. Lastkraftwagen 1,5 to Opel Blitz Pritschenwagen<\/div>\n<\/p><\/div>\n<\/p><\/div>\n<\/p><\/div>\n<div class=\"row\">\n<div class=\"col-12 col-lg-9 mx-auto text-white\">\n<div class=\"row d-flex align-items-center\">\n<div class=\"col-12 col-md-4 text-center order-md-2 py-5\"><span class=\"history-year white-linie\">1973<\/span><\/div>\n<div class=\"col-6 col-md-4 text-center order-md-3 py-3 py-md-5 d-none d-md-block\"><img decoding=\"async\" src=\"https:\/\/tadick.de\/wp-content\/uploads\/2020\/07\/geschichte-02.jpg\"><\/div>\n<div class=\"col-md-4 text-center text-md-right order-md-1 mb-4 mb-md-0\">\u00dcbernahme des Unternehmens durch <span class=\"d-inline d-lg-block\"><\/span>G\u00fcnter Tadick<\/div>\n<\/p><\/div>\n<\/p><\/div>\n<\/p><\/div>\n<div class=\"row\">\n<div class=\"col-12 col-lg-9 mx-auto text-white\">\n<div class=\"row d-flex align-items-center\">\n<div class=\"col-6 col-md-4 text-center py-4 d-none d-md-block\"><img decoding=\"async\" src=\"https:\/\/tadick.de\/wp-content\/uploads\/2020\/07\/geschichte-03.jpg\"><\/div>\n<div class=\"col-12 col-md-4 text-center py-5\"><span class=\"history-year white-linie\" style=\"padding: 30px 18px\">1990<\/span><\/div>\n<div class=\"col-md-4 text-center text-md-left mb-4 mb-md-0\">Bau des Betriebsgel\u00e4ndes \u201eAm G\u00fcterbahnhof\u201c<\/div>\n<\/p><\/div>\n<\/p><\/div>\n<\/p><\/div>\n<div class=\"row\">\n<div class=\"col-12 col-lg-9 mx-auto text-white\">\n<div class=\"row d-flex align-items-center\">\n<div class=\"col-12 col-md-4 text-center order-md-2 py-5 my-md-5\"><span class=\"history-year white-linie\" style=\"padding: 30px 16px\">2006<\/span><\/div>\n<div class=\"col-6 col-md-4 text-center order-md-3 d-none d-md-block\"><\/div>\n<div class=\"col-md-4 text-center text-md-right order-md-1 mb-3 mb-md-0\">Erweiterung und Erneuerung des Betriebsgel\u00e4ndes<\/div>\n<\/p><\/div>\n<\/p><\/div>\n<\/p><\/div>\n<div class=\"row\">\n<div class=\"col-12 col-lg-9 mx-auto text-white\">\n<div class=\"row d-flex align-items-center\">\n<div class=\"col-6 col-md-4 text-center pt-5 pb-4 py-md-5 d-none d-md-block\"><img decoding=\"async\" src=\"https:\/\/tadick.de\/wp-content\/uploads\/2020\/07\/geschichte-04.jpg\"><\/div>\n<div class=\"col-12 col-md-4 text-center py-5\"><span class=\"history-year white-linie\">2011<\/span><\/div>\n<div class=\"col-md-4 text-center text-md-left\">Nach arbeitsbegleitendem Studium, Einstieg in das Unternehmen durch Jens G\u00fcnter Tadick, B. Eng.<\/div>\n<\/p><\/div>\n<\/p><\/div>\n<\/p><\/div>\n<div class=\"row\">\n<div class=\"col-12 col-lg-9 mx-auto text-white\">\n<div class=\"row d-flex align-items-center\">\n<div class=\"col-12 col-md-4 text-center order-md-2 py-5\"><span class=\"history-year\" style=\"padding: 31px 16px\">2018<\/span><\/div>\n<div class=\"col-6 col-md-4 text-center order-md-3 py-3 py-md-5 d-none d-md-block\"><img decoding=\"async\" src=\"https:\/\/tadick.de\/wp-content\/uploads\/2020\/07\/Allgemein-01-300x225.jpeg\" alt=\"\"><\/div>\n<div class=\"col-md-4 text-center text-md-right order-md-1 mb-4 mb-md-0\">Gr\u00fcndung der Tadick Urban Mining GmbH<\/div>\n<\/p><\/div>\n<\/p><\/div>\n<\/p><\/div>\n<\/p><\/div>\n<\/section>\n<section class=\"py-5 no-bg-xs\" style=\"background:url(https:\/\/tadick.de\/wp-content\/uploads\/2020\/07\/bg-blau-schraeg.svg) 120% 100% \/ contain no-repeat\" id=\"\">\n<div class=\"container py-lg-5\">\n<div class=\"row\">\n<div class=\"col-lg-6\">\n<div class=\"lc-block pr-xl-5\">\n<div>\n<p class=\"subline\">Soziales Engagement<\/p>\n<h2 class=\"pr-xl-4 mb-5\">Heimatn\u00e4he<\/h2>\n<p class=\"mb-0\">Neben der Verantwortung gegen\u00fcber unseren Kunden und Mitarbeitern, \u00fcbernehmen wir auch Verantwortung f\u00fcr die Zukunft unserer Heimat.<\/p>\n<p class=\"mb-0\"><\/p>\n<p class=\"mb-0\">Wir unterst\u00fctzen zum Beispiel vor Ort ans\u00e4ssige Sportvereine und Hilfsorganisationen.<\/p>\n<p class=\"mb-0\"><\/p>\n<p class=\"mb-0\"><\/p>\n<\/p><\/div>\n<\/p><\/div>\n<p><!-- \/lc-block -->\n\t\t\t<\/div>\n<p><!-- \/col --><\/p>\n<div class=\"col-lg-6 pt-5 pt-lg-0\">\n<div class=\"row\">\n<div class=\"col-6 mb-4\">\n<div class=\"lc-block\" data-aos=\"zoom-in\" data-aos-delay=\"300\" data-aos-duration=\"600\" data-aos-mirror=\"\" data-aos-easing=\"ease-out-back\">\n<div class=\"card shadow-lg pt-4 pt-md-5 pb-md-5 border-0\">\n\t\t\t\t\t\t\t\t<img decoding=\"async\" loading=\"lazy\" class=\"mx-auto\" src=\"https:\/\/tadick.de\/wp-content\/uploads\/2020\/07\/verein-icon.svg\" alt=\"\" width=\"80\" height=\"75\"><\/p>\n<div class=\"card-body text-center\">\n<h3 class=\"card-title h5 mb-0\">TV 05 Neubeckum<\/h3>\n<\/p><\/div>\n<\/p><\/div>\n<\/p><\/div>\n<p>\t\t\t\t\t\t<!-- \/lc-block -->\n\t\t\t\t\t<\/div>\n<p>\t\t\t\t\t<!-- \/col --><\/p>\n<div class=\"col-6 mb-4\">\n<div class=\"lc-block\" data-aos=\"zoom-in\" data-aos-delay=\"600\" data-aos-duration=\"600\" data-aos-easing=\"ease-out-back\">\n<div class=\"card shadow-lg pt-4 pt-md-5 pb-md-5 border-0\">\n\t\t\t\t\t\t\t\t<img decoding=\"async\" loading=\"lazy\" class=\"mx-auto\" src=\"https:\/\/tadick.de\/wp-content\/uploads\/2020\/07\/verein-icon.svg\" alt=\"\" width=\"80\" height=\"75\"><\/p>\n<div class=\"card-body text-center\">\n<h3 class=\"card-title h5 mb-0\">SV Neubeckum 19<\/h3>\n<\/p><\/div>\n<\/p><\/div>\n<\/p><\/div>\n<p>\t\t\t\t\t\t<!-- \/lc-block -->\n\t\t\t\t\t<\/div>\n<p>\t\t\t\t\t<!-- \/col --><\/p>\n<div class=\"col-6 mb-4 mb-lg-0\">\n<div class=\"lc-block\" data-aos=\"zoom-in\" data-aos-delay=\"900\" data-aos-duration=\"600\" data-aos-easing=\"ease-out-back\">\n<div class=\"card shadow-lg pt-4 pt-md-5 pb-md-5 border-0\">\n\t\t\t\t\t\t\t\t<img decoding=\"async\" loading=\"lazy\" class=\"mx-auto\" src=\"https:\/\/tadick.de\/wp-content\/uploads\/2020\/07\/verein-icon.svg\" alt=\"\" width=\"80\" height=\"75\"><\/p>\n<div class=\"card-body text-center\">\n<h3 class=\"card-title h5 mb-0\">Beckumer SV<\/h3>\n<\/p><\/div>\n<\/p><\/div>\n<\/p><\/div>\n<p>\t\t\t\t\t\t<!-- \/lc-block -->\n\t\t\t\t\t<\/div>\n<p>\t\t\t\t\t<!-- \/col --><\/p>\n<div class=\"col-6\">\n<div class=\"lc-block\" data-aos=\"zoom-in\" data-aos-delay=\"1200\" data-aos-duration=\"600\" data-aos-easing=\"ease-out-back\">\n<div class=\"card shadow-lg pt-4 pt-md-5 pb-md-4 border-0\">\n\t\t\t\t\t\t\t\t<img decoding=\"async\" loading=\"lazy\" class=\"mx-auto\" src=\"https:\/\/tadick.de\/wp-content\/uploads\/2020\/07\/verein-icon.svg\" alt=\"\" width=\"80\" height=\"75\"><\/p>\n<div class=\"card-body text-center\">\n<h3 class=\"card-title h5 mb-0\">Frauen helfen Frauen Beckum e.V.<\/h3>\n<\/p><\/div>\n<\/p><\/div>\n<\/p><\/div>\n<p>\t\t\t\t\t\t<!-- \/lc-block -->\n\t\t\t\t\t<\/div>\n<p>\t\t\t\t\t<!-- \/col -->\n\t\t\t\t<\/div>\n<\/p><\/div>\n<p><!-- \/col -->\n\t\t<\/div>\n<\/p><\/div>\n<\/section>\n","protected":false},"excerpt":{"rendered":"<p>Das Unternehmen Tradition mit Zukunft Die Tadick Urban Mining GmbH ist ein modernes und hochspezialisiertes Recyclingunternehmen mit Erfahrung. Die Firma Tadick Urban Mining GmbH wurde von dem Recyclingunternehmen Tadick Rohstoffhandels GmbH gegr\u00fcndet. Auf dem Grundst\u00fcck in Ennigerloh betreibt die Urban Mining ein Recyclingunternehmen, welches sich auf das Recycling von mineralischen Abf\u00e4llen spezialisiert hat. Branche: Entsorgung, [&#8230;]<\/p>\n<p><a class=\"btn btn-secondary understrap-read-more-link\" href=\"https:\/\/tadick.de\/urban-mining\/unternehmen\/\">Weiterlesen\u00a0\u2026<span class=\"screen-reader-text\"> from Unternehmen<\/span><\/a><\/p>\n","protected":false},"author":3,"featured_media":0,"parent":0,"menu_order":0,"comment_status":"closed","ping_status":"closed","template":"page-templates\/empty.php","meta":[],"yoast_head":"<!-- This site is optimized with the Yoast SEO plugin v16.8 - https:\/\/yoast.com\/wordpress\/plugins\/seo\/ -->\n<title>Unternehmen - Tadick Urban Mining GmbH<\/title>\n<meta name=\"robots\" content=\"index, follow, max-snippet:-1, max-image-preview:large, max-video-preview:-1\" \/>\n<link rel=\"canonical\" href=\"https:\/\/tadick.de\/urban-mining\/unternehmen\/\" \/>\n<meta property=\"og:locale\" content=\"de_DE\" \/>\n<meta property=\"og:type\" content=\"article\" \/>\n<meta property=\"og:title\" content=\"Unternehmen - Tadick Urban Mining GmbH\" \/>\n<meta property=\"og:description\" content=\"Das Unternehmen Tradition mit Zukunft Die Tadick Urban Mining GmbH ist ein modernes und hochspezialisiertes Recyclingunternehmen mit Erfahrung. Die Firma Tadick Urban Mining GmbH wurde von dem Recyclingunternehmen Tadick Rohstoffhandels GmbH gegr\u00fcndet. Auf dem Grundst\u00fcck in Ennigerloh betreibt die Urban Mining ein Recyclingunternehmen, welches sich auf das Recycling von mineralischen Abf\u00e4llen spezialisiert hat. Branche: Entsorgung, [...]Weiterlesen\u00a0\u2026 from Unternehmen\" \/>\n<meta property=\"og:url\" content=\"https:\/\/tadick.de\/urban-mining\/unternehmen\/\" \/>\n<meta property=\"og:site_name\" content=\"Tadick Urban Mining GmbH\" \/>\n<meta property=\"article:modified_time\" content=\"2020-08-01T13:29:46+00:00\" \/>\n<meta property=\"og:image\" content=\"https:\/\/tadick.de\/wp-content\/uploads\/2020\/07\/geschichte-01.jpg\" \/>\n<meta name=\"twitter:card\" content=\"summary_large_image\" \/>\n<meta name=\"twitter:label1\" content=\"Gesch\u00e4tzte Lesezeit\" \/>\n\t<meta name=\"twitter:data1\" content=\"1 Minute\" \/>\n<script type=\"application\/ld+json\" class=\"yoast-schema-graph\">{\"@context\":\"https:\/\/schema.org\",\"@graph\":[{\"@type\":\"WebSite\",\"@id\":\"https:\/\/tadick.de\/urban-mining\/#website\",\"url\":\"https:\/\/tadick.de\/urban-mining\/\",\"name\":\"Tadick Urban Mining GmbH\",\"description\":\"\",\"potentialAction\":[{\"@type\":\"SearchAction\",\"target\":{\"@type\":\"EntryPoint\",\"urlTemplate\":\"https:\/\/tadick.de\/urban-mining\/?s={search_term_string}\"},\"query-input\":\"required name=search_term_string\"}],\"inLanguage\":\"de-DE\"},{\"@type\":\"ImageObject\",\"@id\":\"https:\/\/tadick.de\/urban-mining\/unternehmen\/#primaryimage\",\"inLanguage\":\"de-DE\",\"url\":\"https:\/\/tadick.de\/wp-content\/uploads\/2020\/07\/geschichte-01.jpg\",\"contentUrl\":\"https:\/\/tadick.de\/wp-content\/uploads\/2020\/07\/geschichte-01.jpg\"},{\"@type\":\"WebPage\",\"@id\":\"https:\/\/tadick.de\/urban-mining\/unternehmen\/#webpage\",\"url\":\"https:\/\/tadick.de\/urban-mining\/unternehmen\/\",\"name\":\"Unternehmen - Tadick Urban Mining GmbH\",\"isPartOf\":{\"@id\":\"https:\/\/tadick.de\/urban-mining\/#website\"},\"primaryImageOfPage\":{\"@id\":\"https:\/\/tadick.de\/urban-mining\/unternehmen\/#primaryimage\"},\"datePublished\":\"2020-07-15T08:30:48+00:00\",\"dateModified\":\"2020-08-01T13:29:46+00:00\",\"breadcrumb\":{\"@id\":\"https:\/\/tadick.de\/urban-mining\/unternehmen\/#breadcrumb\"},\"inLanguage\":\"de-DE\",\"potentialAction\":[{\"@type\":\"ReadAction\",\"target\":[\"https:\/\/tadick.de\/urban-mining\/unternehmen\/\"]}]},{\"@type\":\"BreadcrumbList\",\"@id\":\"https:\/\/tadick.de\/urban-mining\/unternehmen\/#breadcrumb\",\"itemListElement\":[{\"@type\":\"ListItem\",\"position\":1,\"name\":\"Startseite\",\"item\":\"https:\/\/tadick.de\/urban-mining\/\"},{\"@type\":\"ListItem\",\"position\":2,\"name\":\"Unternehmen\"}]}]}<\/script>\n<!-- \/ Yoast SEO plugin. -->","yoast_head_json":{"title":"Unternehmen - Tadick Urban Mining GmbH","robots":{"index":"index","follow":"follow","max-snippet":"max-snippet:-1","max-image-preview":"max-image-preview:large","max-video-preview":"max-video-preview:-1"},"canonical":"https:\/\/tadick.de\/urban-mining\/unternehmen\/","og_locale":"de_DE","og_type":"article","og_title":"Unternehmen - Tadick Urban Mining GmbH","og_description":"Das Unternehmen Tradition mit Zukunft Die Tadick Urban Mining GmbH ist ein modernes und hochspezialisiertes Recyclingunternehmen mit Erfahrung. Die Firma Tadick Urban Mining GmbH wurde von dem Recyclingunternehmen Tadick Rohstoffhandels GmbH gegr\u00fcndet. Auf dem Grundst\u00fcck in Ennigerloh betreibt die Urban Mining ein Recyclingunternehmen, welches sich auf das Recycling von mineralischen Abf\u00e4llen spezialisiert hat. Branche: Entsorgung, [...]Weiterlesen\u00a0\u2026 from Unternehmen","og_url":"https:\/\/tadick.de\/urban-mining\/unternehmen\/","og_site_name":"Tadick Urban Mining GmbH","article_modified_time":"2020-08-01T13:29:46+00:00","og_image":[{"url":"https:\/\/tadick.de\/wp-content\/uploads\/2020\/07\/geschichte-01.jpg"}],"twitter_card":"summary_large_image","twitter_misc":{"Gesch\u00e4tzte Lesezeit":"1 Minute"},"schema":{"@context":"https:\/\/schema.org","@graph":[{"@type":"WebSite","@id":"https:\/\/tadick.de\/urban-mining\/#website","url":"https:\/\/tadick.de\/urban-mining\/","name":"Tadick Urban Mining GmbH","description":"","potentialAction":[{"@type":"SearchAction","target":{"@type":"EntryPoint","urlTemplate":"https:\/\/tadick.de\/urban-mining\/?s={search_term_string}"},"query-input":"required name=search_term_string"}],"inLanguage":"de-DE"},{"@type":"ImageObject","@id":"https:\/\/tadick.de\/urban-mining\/unternehmen\/#primaryimage","inLanguage":"de-DE","url":"https:\/\/tadick.de\/wp-content\/uploads\/2020\/07\/geschichte-01.jpg","contentUrl":"https:\/\/tadick.de\/wp-content\/uploads\/2020\/07\/geschichte-01.jpg"},{"@type":"WebPage","@id":"https:\/\/tadick.de\/urban-mining\/unternehmen\/#webpage","url":"https:\/\/tadick.de\/urban-mining\/unternehmen\/","name":"Unternehmen - Tadick Urban Mining GmbH","isPartOf":{"@id":"https:\/\/tadick.de\/urban-mining\/#website"},"primaryImageOfPage":{"@id":"https:\/\/tadick.de\/urban-mining\/unternehmen\/#primaryimage"},"datePublished":"2020-07-15T08:30:48+00:00","dateModified":"2020-08-01T13:29:46+00:00","breadcrumb":{"@id":"https:\/\/tadick.de\/urban-mining\/unternehmen\/#breadcrumb"},"inLanguage":"de-DE","potentialAction":[{"@type":"ReadAction","target":["https:\/\/tadick.de\/urban-mining\/unternehmen\/"]}]},{"@type":"BreadcrumbList","@id":"https:\/\/tadick.de\/urban-mining\/unternehmen\/#breadcrumb","itemListElement":[{"@type":"ListItem","position":1,"name":"Startseite","item":"https:\/\/tadick.de\/urban-mining\/"},{"@type":"ListItem","position":2,"name":"Unternehmen"}]}]}},"_links":{"self":[{"href":"https:\/\/tadick.de\/urban-mining\/wp-json\/wp\/v2\/pages\/330"}],"collection":[{"href":"https:\/\/tadick.de\/urban-mining\/wp-json\/wp\/v2\/pages"}],"about":[{"href":"https:\/\/tadick.de\/urban-mining\/wp-json\/wp\/v2\/types\/page"}],"author":[{"embeddable":true,"href":"https:\/\/tadick.de\/urban-mining\/wp-json\/wp\/v2\/users\/3"}],"replies":[{"embeddable":true,"href":"https:\/\/tadick.de\/urban-mining\/wp-json\/wp\/v2\/comments?post=330"}],"version-history":[{"count":5,"href":"https:\/\/tadick.de\/urban-mining\/wp-json\/wp\/v2\/pages\/330\/revisions"}],"predecessor-version":[{"id":377,"href":"https:\/\/tadick.de\/urban-mining\/wp-json\/wp\/v2\/pages\/330\/revisions\/377"}],"wp:attachment":[{"href":"https:\/\/tadick.de\/urban-mining\/wp-json\/wp\/v2\/media?parent=330"}],"curies":[{"name":"wp","href":"https:\/\/api.w.org\/{rel}","templated":true}]}}