{"id":337,"date":"2020-07-16T08:54:24","date_gmt":"2020-07-16T06:54:24","guid":{"rendered":"https:\/\/tadick.de\/urban-mining\/?page_id=337"},"modified":"2020-12-28T11:49:15","modified_gmt":"2020-12-28T10:49:15","slug":"impressum","status":"publish","type":"page","link":"https:\/\/tadick.de\/urban-mining\/impressum\/","title":{"rendered":"Impressum"},"content":{"rendered":"<section class=\"py-5\" style=\"background:url(https:\/\/tadick.de\/urban-mining\/wp-content\/uploads\/sites\/2\/2020\/07\/Allgemein-01-scaled-e1594972288716.jpeg)  center \/ cover no-repeat;\">\n<div class=\"py-5\">\n<div class=\"lc-block text-center col-md-12 py-lg-4\">\n<div editable=\"rich\">\n<h1 class=\"text-white text-uppercase ff-work-sans mb-0\" editable=\"inline\">Impressum<\/h1>\n<\/p><\/div>\n<\/p><\/div>\n<\/p><\/div>\n<\/section>\n<section class=\"py-5\" style=\"\" id=\"\">\n<div class=\"container py-lg-5\">\n<div class=\"row\">\n<div class=\"col-lg-12\">\n<div class=\"lc-block\">\n<div editable=\"rich\">\n<p><strong>Tadick Urban Mining GmbH<br \/><\/strong><\/p>\n<p><strong>B\u00fcro<\/strong><\/p>\n<p>Bahnhofstra\u00dfe 20<br \/>59269 Beckum<\/p>\n<p><strong>Betrieb<\/strong><\/p>\n<p>Kalth\u00f6ner 4<br \/>59320 Ennigerloh<\/p>\n<p>Telefon: <a href=\"tel:+492525910771\">+49 (0) 2525 \/ 910&nbsp;<\/a>23 13<\/p>\n<p>E-Mail: <a href=\"mailto:info@tadick.de\">info@tadick.de<\/a><br \/>\n\t\t\t\t\t\t\tInternet: <a href=\"https:\/\/urbanmining.tadick.de\">urbanmining.tadick.de<\/a><\/p>\n<p>Vertretungsberechtigte Gesch\u00e4ftsf\u00fchrer: Jens G\u00fcnter Tadick<\/p>\n<p><strong>Umsatzsteuer-Identifikationsnummer gem\u00e4\u00df \u00a727 a Umsatzsteuergesetz:<br \/>\n\t\t\t\t\t\t\t<\/strong>USt.Id.Nr.: DE328030939<\/p>\n<p><strong>Handelsregistereintrag:<br \/>\n\t\t\t\t\t\t\t<\/strong>Registergericht: Amtsgericht M\u00fcnster<br \/>\n\t\t\t\t\t\t\tRegisternummer: HRB 18452<\/p>\n<p><\/p>\n<p><strong>Konzeption und Umsetzung<br \/>\n\t\t\t\t\t\t\t<\/strong><a href=\"https:\/\/boutiqueagentur.de\/\" target=\"_blank\" rel=\"noopener noreferrer\">ZWOEINS Marketing GmbH &#8211; zwoeins.com<\/a><\/p>\n<p>&nbsp;<strong><br \/><\/strong><\/p>\n<p><strong>Hinweis gem. Art. 14 Abs. 1 der EU-Verordnung (EU) Nr. 524\/2013 (Verordnung \u00fcber Online-Streitbeilegung in Verbraucherangelegenheiten):<br \/>\n\t\t\t\t\t\t\t<\/strong>Plattform der EU zur au\u00dfergerichtlichen Online-Streitbeilegung <a href=\"https:\/\/ec.europa.eu\/consumers\/odr\/\" target=\"_blank\" rel=\"noopener noreferrer\">https:\/\/ec.europa.eu\/consumers\/odr\/<\/a><br \/>\n\t\t\t\t\t\t\tWir sind weder bereit noch verpflichtet, an einem Streitbeilegungsverfahren vor einer Verbraucherschlichtungsstelle teilzunehmen.<\/p>\n<p>&nbsp;<\/p>\n<p><strong>Haftungsausschluss:<\/strong><\/p>\n<p><strong>Haftung f\u00fcr Inhalte<br \/>\n\t\t\t\t\t\t\t<\/strong>Die Inhalte unserer Seiten wurden mit gr\u00f6\u00dfter Sorgfalt erstellt. F\u00fcr die Richtigkeit, Vollst\u00e4ndigkeit und Aktualit\u00e4t der Inhalte k\u00f6nnen wir jedoch keine Gew\u00e4hr \u00fcbernehmen. Als Dienstanbieter sind wir gem\u00e4\u00df \u00a7 7 Abs.1 TMG f\u00fcr eigene Inhalte auf diesen Seiten nach den allgemeinen Gesetzen verantwortlich. Nach \u00a7\u00a7 8 bis 10 TMG sind wir als Dienstanbieter jedoch nicht verpflichtet, \u00fcbermittelte oder gespeicherte fremde Informationen zu \u00fcberwachen oder nach Umst\u00e4nden zu forschen, die auf eine rechtswidrige T\u00e4tigkeit hinweisen. Verpflichtungen zur Entfernung oder Sperrung der Nutzung von Informationen nach den allgemeinen Gesetzen bleiben hiervon unber\u00fchrt. Eine diesbez\u00fcgliche Haftung ist jedoch erst ab dem Zeitpunkt der Kenntnis einer konkreten Rechtsverletzung m\u00f6glich. Bei Bekanntwerden von entsprechenden Rechtsverletzungen werden wir diese Inhalte umgehend entfernen.<\/p>\n<p><strong>Haftung f\u00fcr Links<br \/>\n\t\t\t\t\t\t\t<\/strong>Unser Angebot enth\u00e4lt Links zu externen Webseiten Dritter, auf deren Inhalte wir keinen Einfluss haben. Deshalb k\u00f6nnen wir f\u00fcr diese fremden Inhalte auch keine Gew\u00e4hr \u00fcbernehmen. F\u00fcr die Inhalte der verlinkten Seiten ist stets der jeweilige Anbieter oder Betreiber der Seiten verantwortlich. Die verlinkten Seiten wurden zum Zeitpunkt der Verlinkung auf m\u00f6gliche Rechtsverst\u00f6\u00dfe \u00fcberpr\u00fcft. Rechtswidrige Inhalte waren zum Zeitpunkt der Verlinkung nicht erkennbar. Eine permanente inhaltliche Kontrolle der verlinkten Seiten ist jedoch ohne konkrete Anhaltspunkte einer Rechtsverletzung nicht zumutbar. Bei Bekanntwerden von Rechtsverletzungen werden wir derartige Links umgehend entfernen.<\/p>\n<p><strong>Urheberrecht<br \/>\n\t\t\t\t\t\t\t<\/strong>Die durch die Seitenbetreiber erstellten Inhalte und Werke auf diesen Seiten unterliegen dem deutschen Urheberrecht. Die Vervielf\u00e4ltigung, Bearbeitung, Verbreitung und jede Art der Verwertung au\u00dferhalb der Grenzen des Urheberrechtes bed\u00fcrfen der schriftlichen Zustimmung des jeweiligen Autors bzw. Erstellers. Downloads und Kopien dieser Seite sind nur f\u00fcr den privaten, nicht kommerziellen Gebrauch gestattet. Soweit die Inhalte auf dieser Seite nicht vom Betreiber erstellt wurden, werden die Urheberrechte Dritter beachtet. Insbesondere werden Inhalte Dritter als solche gekennzeichnet. Sollten Sie trotzdem auf eine Urheberrechtsverletzung aufmerksam werden, bitten wir um einen entsprechenden Hinweis. Bei Bekanntwerden von Rechtsverletzungen werden wir derartige Inhalte umgehend entfernen.<\/p>\n<\/p><\/div>\n<\/p><\/div>\n<p><!-- \/lc-block -->\n\t\t\t<\/div>\n<p><!-- \/col -->\n\t\t<\/div>\n<\/p><\/div>\n<\/section>\n","protected":false},"excerpt":{"rendered":"<p>Impressum Tadick Urban Mining GmbH B\u00fcro Bahnhofstra\u00dfe 2059269 Beckum Betrieb Kalth\u00f6ner 459320 Ennigerloh Telefon: +49 (0) 2525 \/ 910&nbsp;23 13 E-Mail: info@tadick.de Internet: urbanmining.tadick.de Vertretungsberechtigte Gesch\u00e4ftsf\u00fchrer: Jens G\u00fcnter Tadick Umsatzsteuer-Identifikationsnummer gem\u00e4\u00df \u00a727 a Umsatzsteuergesetz: USt.Id.Nr.: DE328030939 Handelsregistereintrag: Registergericht: Amtsgericht M\u00fcnster Registernummer: HRB 18452 Konzeption und Umsetzung ZWOEINS Marketing GmbH &#8211; zwoeins.com &nbsp; Hinweis gem. Art. [&#8230;]<\/p>\n<p><a class=\"btn btn-secondary understrap-read-more-link\" href=\"https:\/\/tadick.de\/urban-mining\/impressum\/\">Weiterlesen\u00a0\u2026<span class=\"screen-reader-text\"> from Impressum<\/span><\/a><\/p>\n","protected":false},"author":1,"featured_media":0,"parent":0,"menu_order":0,"comment_status":"closed","ping_status":"closed","template":"page-templates\/empty.php","meta":[],"yoast_head":"<!-- This site is optimized with the Yoast SEO plugin v16.8 - https:\/\/yoast.com\/wordpress\/plugins\/seo\/ -->\n<title>Impressum - Tadick Urban Mining GmbH<\/title>\n<meta name=\"robots\" content=\"index, follow, max-snippet:-1, max-image-preview:large, max-video-preview:-1\" \/>\n<link rel=\"canonical\" href=\"https:\/\/tadick.de\/urban-mining\/impressum\/\" \/>\n<meta property=\"og:locale\" content=\"de_DE\" \/>\n<meta property=\"og:type\" content=\"article\" \/>\n<meta property=\"og:title\" content=\"Impressum - Tadick Urban Mining GmbH\" \/>\n<meta property=\"og:description\" content=\"Impressum Tadick Urban Mining GmbH B\u00fcro Bahnhofstra\u00dfe 2059269 Beckum Betrieb Kalth\u00f6ner 459320 Ennigerloh Telefon: +49 (0) 2525 \/ 910&nbsp;23 13 E-Mail: info@tadick.de Internet: urbanmining.tadick.de Vertretungsberechtigte Gesch\u00e4ftsf\u00fchrer: Jens G\u00fcnter Tadick Umsatzsteuer-Identifikationsnummer gem\u00e4\u00df \u00a727 a Umsatzsteuergesetz: USt.Id.Nr.: DE328030939 Handelsregistereintrag: Registergericht: Amtsgericht M\u00fcnster Registernummer: HRB 18452 Konzeption und Umsetzung ZWOEINS Marketing GmbH &#8211; zwoeins.com &nbsp; Hinweis gem. Art. [...]Weiterlesen\u00a0\u2026 from Impressum\" \/>\n<meta property=\"og:url\" content=\"https:\/\/tadick.de\/urban-mining\/impressum\/\" \/>\n<meta property=\"og:site_name\" content=\"Tadick Urban Mining GmbH\" \/>\n<meta property=\"article:modified_time\" content=\"2020-12-28T10:49:15+00:00\" \/>\n<meta name=\"twitter:card\" content=\"summary_large_image\" \/>\n<meta name=\"twitter:label1\" content=\"Gesch\u00e4tzte Lesezeit\" \/>\n\t<meta name=\"twitter:data1\" content=\"2 Minuten\" \/>\n<script type=\"application\/ld+json\" class=\"yoast-schema-graph\">{\"@context\":\"https:\/\/schema.org\",\"@graph\":[{\"@type\":\"WebSite\",\"@id\":\"https:\/\/tadick.de\/urban-mining\/#website\",\"url\":\"https:\/\/tadick.de\/urban-mining\/\",\"name\":\"Tadick Urban Mining GmbH\",\"description\":\"\",\"potentialAction\":[{\"@type\":\"SearchAction\",\"target\":{\"@type\":\"EntryPoint\",\"urlTemplate\":\"https:\/\/tadick.de\/urban-mining\/?s={search_term_string}\"},\"query-input\":\"required name=search_term_string\"}],\"inLanguage\":\"de-DE\"},{\"@type\":\"WebPage\",\"@id\":\"https:\/\/tadick.de\/urban-mining\/impressum\/#webpage\",\"url\":\"https:\/\/tadick.de\/urban-mining\/impressum\/\",\"name\":\"Impressum - Tadick Urban Mining GmbH\",\"isPartOf\":{\"@id\":\"https:\/\/tadick.de\/urban-mining\/#website\"},\"datePublished\":\"2020-07-16T06:54:24+00:00\",\"dateModified\":\"2020-12-28T10:49:15+00:00\",\"breadcrumb\":{\"@id\":\"https:\/\/tadick.de\/urban-mining\/impressum\/#breadcrumb\"},\"inLanguage\":\"de-DE\",\"potentialAction\":[{\"@type\":\"ReadAction\",\"target\":[\"https:\/\/tadick.de\/urban-mining\/impressum\/\"]}]},{\"@type\":\"BreadcrumbList\",\"@id\":\"https:\/\/tadick.de\/urban-mining\/impressum\/#breadcrumb\",\"itemListElement\":[{\"@type\":\"ListItem\",\"position\":1,\"name\":\"Startseite\",\"item\":\"https:\/\/tadick.de\/urban-mining\/\"},{\"@type\":\"ListItem\",\"position\":2,\"name\":\"Impressum\"}]}]}<\/script>\n<!-- \/ Yoast SEO plugin. -->","yoast_head_json":{"title":"Impressum - Tadick Urban Mining GmbH","robots":{"index":"index","follow":"follow","max-snippet":"max-snippet:-1","max-image-preview":"max-image-preview:large","max-video-preview":"max-video-preview:-1"},"canonical":"https:\/\/tadick.de\/urban-mining\/impressum\/","og_locale":"de_DE","og_type":"article","og_title":"Impressum - Tadick Urban Mining GmbH","og_description":"Impressum Tadick Urban Mining GmbH B\u00fcro Bahnhofstra\u00dfe 2059269 Beckum Betrieb Kalth\u00f6ner 459320 Ennigerloh Telefon: +49 (0) 2525 \/ 910&nbsp;23 13 E-Mail: info@tadick.de Internet: urbanmining.tadick.de Vertretungsberechtigte Gesch\u00e4ftsf\u00fchrer: Jens G\u00fcnter Tadick Umsatzsteuer-Identifikationsnummer gem\u00e4\u00df \u00a727 a Umsatzsteuergesetz: USt.Id.Nr.: DE328030939 Handelsregistereintrag: Registergericht: Amtsgericht M\u00fcnster Registernummer: HRB 18452 Konzeption und Umsetzung ZWOEINS Marketing GmbH &#8211; zwoeins.com &nbsp; Hinweis gem. Art. [...]Weiterlesen\u00a0\u2026 from Impressum","og_url":"https:\/\/tadick.de\/urban-mining\/impressum\/","og_site_name":"Tadick Urban Mining GmbH","article_modified_time":"2020-12-28T10:49:15+00:00","twitter_card":"summary_large_image","twitter_misc":{"Gesch\u00e4tzte Lesezeit":"2 Minuten"},"schema":{"@context":"https:\/\/schema.org","@graph":[{"@type":"WebSite","@id":"https:\/\/tadick.de\/urban-mining\/#website","url":"https:\/\/tadick.de\/urban-mining\/","name":"Tadick Urban Mining GmbH","description":"","potentialAction":[{"@type":"SearchAction","target":{"@type":"EntryPoint","urlTemplate":"https:\/\/tadick.de\/urban-mining\/?s={search_term_string}"},"query-input":"required name=search_term_string"}],"inLanguage":"de-DE"},{"@type":"WebPage","@id":"https:\/\/tadick.de\/urban-mining\/impressum\/#webpage","url":"https:\/\/tadick.de\/urban-mining\/impressum\/","name":"Impressum - Tadick Urban Mining GmbH","isPartOf":{"@id":"https:\/\/tadick.de\/urban-mining\/#website"},"datePublished":"2020-07-16T06:54:24+00:00","dateModified":"2020-12-28T10:49:15+00:00","breadcrumb":{"@id":"https:\/\/tadick.de\/urban-mining\/impressum\/#breadcrumb"},"inLanguage":"de-DE","potentialAction":[{"@type":"ReadAction","target":["https:\/\/tadick.de\/urban-mining\/impressum\/"]}]},{"@type":"BreadcrumbList","@id":"https:\/\/tadick.de\/urban-mining\/impressum\/#breadcrumb","itemListElement":[{"@type":"ListItem","position":1,"name":"Startseite","item":"https:\/\/tadick.de\/urban-mining\/"},{"@type":"ListItem","position":2,"name":"Impressum"}]}]}},"_links":{"self":[{"href":"https:\/\/tadick.de\/urban-mining\/wp-json\/wp\/v2\/pages\/337"}],"collection":[{"href":"https:\/\/tadick.de\/urban-mining\/wp-json\/wp\/v2\/pages"}],"about":[{"href":"https:\/\/tadick.de\/urban-mining\/wp-json\/wp\/v2\/types\/page"}],"author":[{"embeddable":true,"href":"https:\/\/tadick.de\/urban-mining\/wp-json\/wp\/v2\/users\/1"}],"replies":[{"embeddable":true,"href":"https:\/\/tadick.de\/urban-mining\/wp-json\/wp\/v2\/comments?post=337"}],"version-history":[{"count":7,"href":"https:\/\/tadick.de\/urban-mining\/wp-json\/wp\/v2\/pages\/337\/revisions"}],"predecessor-version":[{"id":395,"href":"https:\/\/tadick.de\/urban-mining\/wp-json\/wp\/v2\/pages\/337\/revisions\/395"}],"wp:attachment":[{"href":"https:\/\/tadick.de\/urban-mining\/wp-json\/wp\/v2\/media?parent=337"}],"curies":[{"name":"wp","href":"https:\/\/api.w.org\/{rel}","templated":true}]}}